{"id":102,"date":"2023-04-13T15:52:58","date_gmt":"2023-04-13T15:52:58","guid":{"rendered":"https:\/\/convenio.campusiesalc.com\/?page_id=102"},"modified":"2025-12-01T16:39:11","modified_gmt":"2025-12-01T16:39:11","slug":"comunidad-de-la-red","status":"publish","type":"page","link":"https:\/\/cinalc.org\/comunidad-de-la-red\/","title":{"rendered":"Coordinaci\u00f3n de la red"},"content":{"rendered":"\t\t<div data-elementor-type=\"wp-page\" data-elementor-id=\"102\" class=\"elementor elementor-102\">\n\t\t\t\t\t\t<section class=\"elementor-section elementor-top-section elementor-element elementor-element-c869f7c elementor-section-boxed elementor-section-height-default elementor-section-height-default\" data-id=\"c869f7c\" data-element_type=\"section\">\n\t\t\t\t\t\t<div class=\"elementor-container elementor-column-gap-default\">\n\t\t\t\t\t<div class=\"elementor-column elementor-col-100 elementor-top-column elementor-element elementor-element-a0c5d21\" data-id=\"a0c5d21\" data-element_type=\"column\">\n\t\t\t<div class=\"elementor-widget-wrap elementor-element-populated\">\n\t\t\t\t\t\t<div class=\"elementor-element elementor-element-be10715 elementor-widget elementor-widget-spacer\" data-id=\"be10715\" data-element_type=\"widget\" data-widget_type=\"spacer.default\">\n\t\t\t\t<div class=\"elementor-widget-container\">\n\t\t\t\t\t<div class=\"elementor-spacer\">\n\t\t\t<div class=\"elementor-spacer-inner\"><\/div>\n\t\t<\/div>\n\t\t\t\t<\/div>\n\t\t\t\t<\/div>\n\t\t\t\t\t<\/div>\n\t\t<\/div>\n\t\t\t\t\t<\/div>\n\t\t<\/section>\n\t\t\t\t<section class=\"elementor-section elementor-top-section elementor-element elementor-element-ec2fc3d elementor-section-boxed elementor-section-height-default elementor-section-height-default\" data-id=\"ec2fc3d\" data-element_type=\"section\">\n\t\t\t\t\t\t<div class=\"elementor-container elementor-column-gap-default\">\n\t\t\t\t\t<div class=\"elementor-column elementor-col-100 elementor-top-column elementor-element elementor-element-4d0e13d\" data-id=\"4d0e13d\" data-element_type=\"column\">\n\t\t\t<div class=\"elementor-widget-wrap\">\n\t\t\t\t\t\t\t<\/div>\n\t\t<\/div>\n\t\t\t\t\t<\/div>\n\t\t<\/section>\n\t\t\t\t<section class=\"elementor-section elementor-top-section elementor-element elementor-element-d1e178f elementor-section-boxed elementor-section-height-default elementor-section-height-default\" data-id=\"d1e178f\" data-element_type=\"section\">\n\t\t\t\t\t\t<div class=\"elementor-container elementor-column-gap-default\">\n\t\t\t\t\t<div class=\"elementor-column elementor-col-50 elementor-top-column elementor-element elementor-element-85832fd\" data-id=\"85832fd\" data-element_type=\"column\">\n\t\t\t<div class=\"elementor-widget-wrap\">\n\t\t\t\t\t\t\t<\/div>\n\t\t<\/div>\n\t\t\t\t<div class=\"elementor-column elementor-col-50 elementor-top-column elementor-element elementor-element-2b91ce7\" data-id=\"2b91ce7\" data-element_type=\"column\">\n\t\t\t<div class=\"elementor-widget-wrap\">\n\t\t\t\t\t\t\t<\/div>\n\t\t<\/div>\n\t\t\t\t\t<\/div>\n\t\t<\/section>\n\t\t\t\t<section class=\"elementor-section elementor-top-section elementor-element elementor-element-6577f32 elementor-section-boxed elementor-section-height-default elementor-section-height-default\" data-id=\"6577f32\" data-element_type=\"section\">\n\t\t\t\t\t\t<div class=\"elementor-container elementor-column-gap-default\">\n\t\t\t\t\t<div class=\"elementor-column elementor-col-100 elementor-top-column elementor-element elementor-element-a40bdcc\" data-id=\"a40bdcc\" data-element_type=\"column\">\n\t\t\t<div class=\"elementor-widget-wrap elementor-element-populated\">\n\t\t\t\t\t\t<div class=\"elementor-element elementor-element-d862383 elementor-widget elementor-widget-spacer\" data-id=\"d862383\" data-element_type=\"widget\" data-widget_type=\"spacer.default\">\n\t\t\t\t<div class=\"elementor-widget-container\">\n\t\t\t\t\t<div class=\"elementor-spacer\">\n\t\t\t<div class=\"elementor-spacer-inner\"><\/div>\n\t\t<\/div>\n\t\t\t\t<\/div>\n\t\t\t\t<\/div>\n\t\t\t\t\t<\/div>\n\t\t<\/div>\n\t\t\t\t\t<\/div>\n\t\t<\/section>\n\t\t\t\t<section class=\"elementor-section elementor-top-section elementor-element elementor-element-b6e4274 elementor-section-boxed elementor-section-height-default elementor-section-height-default\" data-id=\"b6e4274\" data-element_type=\"section\">\n\t\t\t\t\t\t<div class=\"elementor-container elementor-column-gap-default\">\n\t\t\t\t\t<div class=\"elementor-column elementor-col-100 elementor-top-column elementor-element elementor-element-dc19b4a\" data-id=\"dc19b4a\" data-element_type=\"column\">\n\t\t\t<div class=\"elementor-widget-wrap elementor-element-populated\">\n\t\t\t\t\t\t<section class=\"elementor-section elementor-inner-section elementor-element elementor-element-63f336e elementor-section-boxed elementor-section-height-default elementor-section-height-default\" data-id=\"63f336e\" data-element_type=\"section\">\n\t\t\t\t\t\t\t<div class=\"elementor-background-overlay\"><\/div>\n\t\t\t\t\t\t\t<div class=\"elementor-container elementor-column-gap-default\">\n\t\t\t\t\t<div class=\"elementor-column elementor-col-50 elementor-inner-column elementor-element elementor-element-179505d\" data-id=\"179505d\" data-element_type=\"column\">\n\t\t\t<div class=\"elementor-widget-wrap elementor-element-populated\">\n\t\t\t\t\t\t<div class=\"elementor-element elementor-element-7bcd561 elementor-widget elementor-widget-image\" data-id=\"7bcd561\" data-element_type=\"widget\" data-widget_type=\"image.default\">\n\t\t\t\t<div class=\"elementor-widget-container\">\n\t\t\t\t\t\t\t\t\t\t\t\t\t<img fetchpriority=\"high\" decoding=\"async\" width=\"610\" height=\"407\" src=\"https:\/\/cinalc.org\/wp-content\/uploads\/2024\/12\/coordinacion.webp\" class=\"attachment-large size-large wp-image-26514\" alt=\"\" srcset=\"https:\/\/cinalc.org\/wp-content\/uploads\/2024\/12\/coordinacion.webp 610w, https:\/\/cinalc.org\/wp-content\/uploads\/2024\/12\/coordinacion-300x200.webp 300w\" sizes=\"(max-width: 610px) 100vw, 610px\" \/>\t\t\t\t\t\t\t\t\t\t\t\t\t<\/div>\n\t\t\t\t<\/div>\n\t\t\t\t\t<\/div>\n\t\t<\/div>\n\t\t\t\t<div class=\"elementor-column elementor-col-50 elementor-inner-column elementor-element elementor-element-779e1e3\" data-id=\"779e1e3\" data-element_type=\"column\">\n\t\t\t<div class=\"elementor-widget-wrap elementor-element-populated\">\n\t\t\t\t\t\t<div class=\"elementor-element elementor-element-1909ae2 elementor-widget elementor-widget-text-editor\" data-id=\"1909ae2\" data-element_type=\"widget\" data-widget_type=\"text-editor.default\">\n\t\t\t\t<div class=\"elementor-widget-container\">\n\t\t\t\t\t\t\t<h2>Network Coordination.<\/h2><p style=\"font-size: 20px;\">Formation of the network and promote the exchange of information and documentation.<\/p>\t\t\t\t\t\t<\/div>\n\t\t\t\t<\/div>\n\t\t\t\t\t<\/div>\n\t\t<\/div>\n\t\t\t\t\t<\/div>\n\t\t<\/section>\n\t\t\t\t\t<\/div>\n\t\t<\/div>\n\t\t\t\t\t<\/div>\n\t\t<\/section>\n\t\t\t\t<section class=\"elementor-section elementor-top-section elementor-element elementor-element-c1246aa elementor-section-boxed elementor-section-height-default elementor-section-height-default\" data-id=\"c1246aa\" data-element_type=\"section\">\n\t\t\t\t\t\t<div class=\"elementor-container elementor-column-gap-default\">\n\t\t\t\t\t<div class=\"elementor-column elementor-col-100 elementor-top-column elementor-element elementor-element-7068d8b\" data-id=\"7068d8b\" data-element_type=\"column\">\n\t\t\t<div class=\"elementor-widget-wrap elementor-element-populated\">\n\t\t\t\t\t\t<div class=\"elementor-element elementor-element-0c78cd7 elementor-widget elementor-widget-text-editor\" data-id=\"0c78cd7\" data-element_type=\"widget\" data-widget_type=\"text-editor.default\">\n\t\t\t\t<div class=\"elementor-widget-container\">\n\t\t\t\t\t\t\t<h2>Work plan<\/h2><p>\u00a0<\/p><table style=\"border-collapse: collapse; width: 100%;\"><thead><tr><th style=\"width: 25%; background-color: #dcdcdc;\">Activity<\/th><th style=\"width: 25%; background-color: #dcdcdc;\">Period<\/th><th style=\"width: 25%; background-color: #dcdcdc;\">Lead<\/th><\/tr><\/thead><tbody><tr><td style=\"width: 25%;\">Group coordination<\/td><td style=\"width: 25%;\">2024-2025<\/td><td style=\"width: 25%;\">Uruguay, Cuba,<br \/>Grenada,<br \/>Ecuador<\/td><\/tr><tr><td style=\"width: 25%;\">\u00a07 Meetings<\/td><td style=\"width: 25%;\">2024-2025<\/td><td style=\"width: 25%;\"><p>IESALC,Ecuador<\/p><\/td><\/tr><tr><td style=\"width: 25%;\">Digital Platform<\/td><td style=\"width: 25%;\">2026<\/td><td style=\"width: 25%;\">IESALC,Uruguay<\/td><\/tr><tr><td style=\"width: 25%;\">\u00a0Anual meeting 2025<\/td><td style=\"width: 25%;\">2025-2026<\/td><td style=\"width: 25%;\">IESALC<\/td><\/tr><\/tbody><\/table>\t\t\t\t\t\t<\/div>\n\t\t\t\t<\/div>\n\t\t\t\t\t<\/div>\n\t\t<\/div>\n\t\t\t\t\t<\/div>\n\t\t<\/section>\n\t\t\t\t<\/div>\n\t\t","protected":false},"excerpt":{"rendered":"<p>Coordinaci\u00f3n de la red. Formaci\u00f3n de la red y promover el intercambio de informaci\u00f3n y documentaci\u00f3n. Plan de trabajo \u00a0 Actividad Periodo L\u00edder Coordination of CINALC, including planning, information exchange and 7 online meetings 2024-2025 Uruguay, Cuba,Granada,Ecuador Development of a regional platform on the network 2024-2025 IESALC,Ecuador Annual meeting of CINALC 2026 IESALC,Uruguay Facilitating exchanges &hellip;<\/p>\n<p class=\"read-more\"> <a class=\"\" href=\"https:\/\/cinalc.org\/comunidad-de-la-red\/\"> <span class=\"screen-reader-text\">Coordinaci\u00f3n de la red<\/span> Read More &raquo;<\/a><\/p>\n","protected":false},"author":1,"featured_media":0,"parent":0,"menu_order":0,"comment_status":"closed","ping_status":"closed","template":"","meta":{"_bbp_topic_count":0,"_bbp_reply_count":0,"_bbp_total_topic_count":0,"_bbp_total_reply_count":0,"_bbp_voice_count":0,"_bbp_anonymous_reply_count":0,"_bbp_topic_count_hidden":0,"_bbp_reply_count_hidden":0,"_bbp_forum_subforum_count":0,"site-sidebar-layout":"no-sidebar","site-content-layout":"page-builder","ast-global-header-display":"","ast-banner-title-visibility":"","ast-main-header-display":"","ast-hfb-above-header-display":"","ast-hfb-below-header-display":"","ast-hfb-mobile-header-display":"","site-post-title":"disabled","ast-breadcrumbs-content":"","ast-featured-img":"disabled","footer-sml-layout":"","theme-transparent-header-meta":"","adv-header-id-meta":"","stick-header-meta":"","header-above-stick-meta":"","header-main-stick-meta":"","header-below-stick-meta":"","footnotes":""},"class_list":["post-102","page","type-page","status-publish","hentry"],"_links":{"self":[{"href":"https:\/\/cinalc.org\/wp-json\/wp\/v2\/pages\/102","targetHints":{"allow":["GET"]}}],"collection":[{"href":"https:\/\/cinalc.org\/wp-json\/wp\/v2\/pages"}],"about":[{"href":"https:\/\/cinalc.org\/wp-json\/wp\/v2\/types\/page"}],"author":[{"embeddable":true,"href":"https:\/\/cinalc.org\/wp-json\/wp\/v2\/users\/1"}],"replies":[{"embeddable":true,"href":"https:\/\/cinalc.org\/wp-json\/wp\/v2\/comments?post=102"}],"version-history":[{"count":47,"href":"https:\/\/cinalc.org\/wp-json\/wp\/v2\/pages\/102\/revisions"}],"predecessor-version":[{"id":27083,"href":"https:\/\/cinalc.org\/wp-json\/wp\/v2\/pages\/102\/revisions\/27083"}],"wp:attachment":[{"href":"https:\/\/cinalc.org\/wp-json\/wp\/v2\/media?parent=102"}],"curies":[{"name":"wp","href":"https:\/\/api.w.org\/{rel}","templated":true}]}}