{"id":115,"date":"2023-04-13T15:57:38","date_gmt":"2023-04-13T15:57:38","guid":{"rendered":"https:\/\/convenio.campusiesalc.com\/?page_id=115"},"modified":"2025-12-02T15:00:16","modified_gmt":"2025-12-02T15:00:16","slug":"acerca","status":"publish","type":"page","link":"https:\/\/cinalc.org\/acerca\/","title":{"rendered":"Acerca de"},"content":{"rendered":"\t\t<div data-elementor-type=\"wp-page\" data-elementor-id=\"115\" class=\"elementor elementor-115\">\n\t\t\t\t\t\t<section class=\"elementor-section elementor-top-section elementor-element elementor-element-20556e8e elementor-section-boxed elementor-section-height-default elementor-section-height-default\" data-id=\"20556e8e\" data-element_type=\"section\">\n\t\t\t\t\t\t<div class=\"elementor-container elementor-column-gap-default\">\n\t\t\t\t\t<div class=\"elementor-column elementor-col-100 elementor-top-column elementor-element elementor-element-7d3ca59b\" data-id=\"7d3ca59b\" data-element_type=\"column\">\n\t\t\t<div class=\"elementor-widget-wrap elementor-element-populated\">\n\t\t\t\t\t\t\t<\/div>\n\t\t<\/div>\n\t\t\t\t\t<\/div>\n\t\t<\/section>\n\t\t\t\t<section class=\"elementor-section elementor-top-section elementor-element elementor-element-3f87c78 elementor-section-boxed elementor-section-height-default elementor-section-height-default\" data-id=\"3f87c78\" data-element_type=\"section\">\n\t\t\t\t\t\t<div class=\"elementor-container elementor-column-gap-default\">\n\t\t\t\t\t<div class=\"elementor-column elementor-col-100 elementor-top-column elementor-element elementor-element-79981b3\" data-id=\"79981b3\" data-element_type=\"column\">\n\t\t\t<div class=\"elementor-widget-wrap elementor-element-populated\">\n\t\t\t\t\t\t<div class=\"elementor-element elementor-element-4916a94 elementor-widget elementor-widget-spacer\" data-id=\"4916a94\" data-element_type=\"widget\" data-widget_type=\"spacer.default\">\n\t\t\t\t<div class=\"elementor-widget-container\">\n\t\t\t\t\t<div class=\"elementor-spacer\">\n\t\t\t<div class=\"elementor-spacer-inner\"><\/div>\n\t\t<\/div>\n\t\t\t\t<\/div>\n\t\t\t\t<\/div>\n\t\t\t\t\t<\/div>\n\t\t<\/div>\n\t\t\t\t\t<\/div>\n\t\t<\/section>\n\t\t\t\t<section class=\"elementor-section elementor-top-section elementor-element elementor-element-50ff6f0 elementor-section-boxed elementor-section-height-default elementor-section-height-default\" data-id=\"50ff6f0\" data-element_type=\"section\">\n\t\t\t\t\t\t<div class=\"elementor-container elementor-column-gap-default\">\n\t\t\t\t\t<div class=\"elementor-column elementor-col-100 elementor-top-column elementor-element elementor-element-185ff0b\" data-id=\"185ff0b\" data-element_type=\"column\">\n\t\t\t<div class=\"elementor-widget-wrap elementor-element-populated\">\n\t\t\t\t\t\t<div class=\"elementor-element elementor-element-980d6ef elementor-widget elementor-widget-text-editor\" data-id=\"980d6ef\" data-element_type=\"widget\" data-widget_type=\"text-editor.default\">\n\t\t\t\t<div class=\"elementor-widget-container\">\n\t\t\t\t\t\t\t<h2 style=\"font-style: normal;\">About.<\/h2><h3>\u00a0<\/h3>\t\t\t\t\t\t<\/div>\n\t\t\t\t<\/div>\n\t\t\t\t\t<\/div>\n\t\t<\/div>\n\t\t\t\t\t<\/div>\n\t\t<\/section>\n\t\t\t\t<section class=\"elementor-section elementor-top-section elementor-element elementor-element-dd0ae3f elementor-section-boxed elementor-section-height-default elementor-section-height-default\" data-id=\"dd0ae3f\" data-element_type=\"section\" id=\"acerca\">\n\t\t\t\t\t\t<div class=\"elementor-container elementor-column-gap-default\">\n\t\t\t\t\t<div class=\"elementor-column elementor-col-50 elementor-top-column elementor-element elementor-element-5492db0\" data-id=\"5492db0\" data-element_type=\"column\">\n\t\t\t<div class=\"elementor-widget-wrap elementor-element-populated\">\n\t\t\t\t\t\t<div class=\"elementor-element elementor-element-45e7ad1 elementor-widget elementor-widget-image\" data-id=\"45e7ad1\" data-element_type=\"widget\" data-widget_type=\"image.default\">\n\t\t\t\t<div class=\"elementor-widget-container\">\n\t\t\t\t\t\t\t\t\t\t\t\t\t<img fetchpriority=\"high\" decoding=\"async\" width=\"1536\" height=\"864\" src=\"https:\/\/cinalc.org\/wp-content\/uploads\/2024\/12\/acerca-1.png\" class=\"attachment-full size-full wp-image-26958\" alt=\"\" srcset=\"https:\/\/cinalc.org\/wp-content\/uploads\/2024\/12\/acerca-1.png 1536w, https:\/\/cinalc.org\/wp-content\/uploads\/2024\/12\/acerca-1-300x169.png 300w, https:\/\/cinalc.org\/wp-content\/uploads\/2024\/12\/acerca-1-1024x576.png 1024w, https:\/\/cinalc.org\/wp-content\/uploads\/2024\/12\/acerca-1-768x432.png 768w\" sizes=\"(max-width: 1536px) 100vw, 1536px\" \/>\t\t\t\t\t\t\t\t\t\t\t\t\t<\/div>\n\t\t\t\t<\/div>\n\t\t\t\t\t<\/div>\n\t\t<\/div>\n\t\t\t\t<div class=\"elementor-column elementor-col-50 elementor-top-column elementor-element elementor-element-dea370e\" data-id=\"dea370e\" data-element_type=\"column\">\n\t\t\t<div class=\"elementor-widget-wrap elementor-element-populated\">\n\t\t\t\t\t\t<div class=\"elementor-element elementor-element-005236f elementor-widget elementor-widget-text-editor\" data-id=\"005236f\" data-element_type=\"widget\" data-widget_type=\"text-editor.default\">\n\t\t\t\t<div class=\"elementor-widget-container\">\n\t\t\t\t\t\t\t<p><span style=\"font-size: 14pt;\">The Regional Network of National Information Centres in Latin America and the Caribbean (CINALC) was formally launched on 8 February 2024 in Havana, Cuba. It was established pursuant to Article IV.2 of the\u00a0<a title=\"https:\/\/www.unesco.org\/en\/legal-affairs\/regional-convention-recognition-studies-diplomas-and-degrees-higher-education-latin-america-and-0\" href=\"https:\/\/www.unesco.org\/en\/legal-affairs\/regional-convention-recognition-studies-diplomas-and-degrees-higher-education-latin-america-and-0\" target=\"_blank\" rel=\"noopener noreferrer\" data-auth=\"NotApplicable\" data-linkindex=\"2\">Convention on the Recognition of Studies, Diplomas and Degrees in Higher Education in Latin America and the Caribbean<\/a>\u00a0to \u201cprovide information on mobility and recognition in order to assist with the practical implementation of this Convention by the competent authorities in the area of recognition by facilitating the exchange of recognition and mobility information among the States Parties<\/span><\/p>\t\t\t\t\t\t<\/div>\n\t\t\t\t<\/div>\n\t\t\t\t\t<\/div>\n\t\t<\/div>\n\t\t\t\t\t<\/div>\n\t\t<\/section>\n\t\t\t\t<section class=\"elementor-section elementor-top-section elementor-element elementor-element-c5356b9 elementor-section-boxed elementor-section-height-default elementor-section-height-default\" data-id=\"c5356b9\" data-element_type=\"section\">\n\t\t\t\t\t\t<div class=\"elementor-container elementor-column-gap-default\">\n\t\t\t\t\t<div class=\"elementor-column elementor-col-100 elementor-top-column elementor-element elementor-element-10c0349\" data-id=\"10c0349\" data-element_type=\"column\">\n\t\t\t<div class=\"elementor-widget-wrap\">\n\t\t\t\t\t\t\t<\/div>\n\t\t<\/div>\n\t\t\t\t\t<\/div>\n\t\t<\/section>\n\t\t\t\t<section class=\"elementor-section elementor-top-section elementor-element elementor-element-2f3541a elementor-section-boxed elementor-section-height-default elementor-section-height-default\" data-id=\"2f3541a\" data-element_type=\"section\">\n\t\t\t\t\t\t<div class=\"elementor-container elementor-column-gap-default\">\n\t\t\t\t\t<div class=\"elementor-column elementor-col-100 elementor-top-column elementor-element elementor-element-364943d\" data-id=\"364943d\" data-element_type=\"column\">\n\t\t\t<div class=\"elementor-widget-wrap elementor-element-populated\">\n\t\t\t\t\t\t<div class=\"elementor-element elementor-element-63932e2 elementor-widget elementor-widget-text-editor\" data-id=\"63932e2\" data-element_type=\"widget\" data-widget_type=\"text-editor.default\">\n\t\t\t\t<div class=\"elementor-widget-container\">\n\t\t\t\t\t\t\t<p><span style=\"font-size: 14pt;\">The network is open to all recognition authorities in Latin America and the Caribbean, and currently includes members from 17 countries. Recognition authorities are understood as, among others \u201cofficially recognized public or private bodies, offices, institutions, ministries, universities and others that are in charge of the processes of recognition of qualifications in the different countries\u201d. A Coordination Group, composed of representatives from up to four countries that have ratified the Buenos Aires Convention, coordinates the work of CINALC.<\/span><\/p><p><span style=\"font-size: 14pt;\">CINALC also cooperates closely with other regional networks established under other <a href=\"https:\/\/www.unesco.org\/en\/higher-education\/conventions\">UNESCO regional recognition conventions<\/a>, in particular <a href=\"https:\/\/www.enic-naric.net\/\">ENIC-NARIC<\/a> in Europe and <a href=\"https:\/\/apnnic.net\/\">APNNIC<\/a> in Asia and the Pacific. Recognition authorities outside Latin America and the Caribbean may also be admitted to the network, subject to a special procedure.<\/span><\/p><p><span style=\"font-size: 14pt;\">The <a href=\"https:\/\/www.iesalc.unesco.org\/en\/institute\/about\">UNESCO International Institute for Higher Education in Latin America and the Caribbean (UNESCO IESALC)<\/a> serves as the Secretariat of the Convention and CINALC.<\/span><\/p>\t\t\t\t\t\t<\/div>\n\t\t\t\t<\/div>\n\t\t\t\t<div class=\"elementor-element elementor-element-146f455 elementor-widget elementor-widget-spacer\" data-id=\"146f455\" data-element_type=\"widget\" data-widget_type=\"spacer.default\">\n\t\t\t\t<div class=\"elementor-widget-container\">\n\t\t\t\t\t<div class=\"elementor-spacer\">\n\t\t\t<div class=\"elementor-spacer-inner\"><\/div>\n\t\t<\/div>\n\t\t\t\t<\/div>\n\t\t\t\t<\/div>\n\t\t\t\t\t<\/div>\n\t\t<\/div>\n\t\t\t\t\t<\/div>\n\t\t<\/section>\n\t\t\t\t<section class=\"elementor-section elementor-top-section elementor-element elementor-element-fe0f609 elementor-section-boxed elementor-section-height-default elementor-section-height-default\" data-id=\"fe0f609\" data-element_type=\"section\">\n\t\t\t\t\t\t<div class=\"elementor-container elementor-column-gap-default\">\n\t\t\t\t\t<div class=\"elementor-column elementor-col-100 elementor-top-column elementor-element elementor-element-cadae34\" data-id=\"cadae34\" data-element_type=\"column\">\n\t\t\t<div class=\"elementor-widget-wrap elementor-element-populated\">\n\t\t\t\t\t\t<div class=\"elementor-element elementor-element-7e49452 elementor-widget elementor-widget-spacer\" data-id=\"7e49452\" data-element_type=\"widget\" data-widget_type=\"spacer.default\">\n\t\t\t\t<div class=\"elementor-widget-container\">\n\t\t\t\t\t<div class=\"elementor-spacer\">\n\t\t\t<div class=\"elementor-spacer-inner\"><\/div>\n\t\t<\/div>\n\t\t\t\t<\/div>\n\t\t\t\t<\/div>\n\t\t\t\t\t<\/div>\n\t\t<\/div>\n\t\t\t\t\t<\/div>\n\t\t<\/section>\n\t\t\t\t<\/div>\n\t\t","protected":false},"excerpt":{"rendered":"<p>Acerca de\u00a0 La Red Regional de Centros de Informaci\u00f3n Nacionales para Am\u00e9rica Latina y el Caribe (CINALC) fue lanzada oficialmente el 8 de febrero de 2024 en La Habana, Cuba. Se estableci\u00f3 conforme al Art\u00edculo IV.2 del por el Comit\u00e9 delConvenio Regional de Reconocimiento de Estudios, T\u00edtulos y Diplomas de Educaci\u00f3n Superior en Am\u00e9rica Latina &hellip;<\/p>\n<p class=\"read-more\"> <a class=\"\" href=\"https:\/\/cinalc.org\/acerca\/\"> <span class=\"screen-reader-text\">Acerca de<\/span> Read More &raquo;<\/a><\/p>\n","protected":false},"author":1,"featured_media":0,"parent":0,"menu_order":1,"comment_status":"closed","ping_status":"closed","template":"","meta":{"_bbp_topic_count":0,"_bbp_reply_count":0,"_bbp_total_topic_count":0,"_bbp_total_reply_count":0,"_bbp_voice_count":0,"_bbp_anonymous_reply_count":0,"_bbp_topic_count_hidden":0,"_bbp_reply_count_hidden":0,"_bbp_forum_subforum_count":0,"site-sidebar-layout":"default","site-content-layout":"default","ast-global-header-display":"","ast-banner-title-visibility":"","ast-main-header-display":"","ast-hfb-above-header-display":"","ast-hfb-below-header-display":"","ast-hfb-mobile-header-display":"","site-post-title":"disabled","ast-breadcrumbs-content":"","ast-featured-img":"","footer-sml-layout":"","theme-transparent-header-meta":"","adv-header-id-meta":"","stick-header-meta":"","header-above-stick-meta":"","header-main-stick-meta":"","header-below-stick-meta":"","footnotes":""},"class_list":["post-115","page","type-page","status-publish","hentry"],"_links":{"self":[{"href":"https:\/\/cinalc.org\/wp-json\/wp\/v2\/pages\/115","targetHints":{"allow":["GET"]}}],"collection":[{"href":"https:\/\/cinalc.org\/wp-json\/wp\/v2\/pages"}],"about":[{"href":"https:\/\/cinalc.org\/wp-json\/wp\/v2\/types\/page"}],"author":[{"embeddable":true,"href":"https:\/\/cinalc.org\/wp-json\/wp\/v2\/users\/1"}],"replies":[{"embeddable":true,"href":"https:\/\/cinalc.org\/wp-json\/wp\/v2\/comments?post=115"}],"version-history":[{"count":164,"href":"https:\/\/cinalc.org\/wp-json\/wp\/v2\/pages\/115\/revisions"}],"predecessor-version":[{"id":27103,"href":"https:\/\/cinalc.org\/wp-json\/wp\/v2\/pages\/115\/revisions\/27103"}],"wp:attachment":[{"href":"https:\/\/cinalc.org\/wp-json\/wp\/v2\/media?parent=115"}],"curies":[{"name":"wp","href":"https:\/\/api.w.org\/{rel}","templated":true}]}}