{"id":15,"date":"2023-04-12T17:24:01","date_gmt":"2023-04-12T17:24:01","guid":{"rendered":"https:\/\/convenio.campusiesalc.com\/?page_id=15"},"modified":"2025-11-28T15:01:38","modified_gmt":"2025-11-28T15:01:38","slug":"inicio","status":"publish","type":"page","link":"https:\/\/cinalc.org\/","title":{"rendered":"Inicio"},"content":{"rendered":"\t\t<div data-elementor-type=\"wp-page\" data-elementor-id=\"15\" class=\"elementor elementor-15\">\n\t\t\t\t\t\t<section class=\"elementor-section elementor-top-section elementor-element elementor-element-e7e5678 elementor-section-full_width elementor-section-height-default elementor-section-height-default\" data-id=\"e7e5678\" data-element_type=\"section\" data-settings=\"{&quot;background_background&quot;:&quot;classic&quot;}\">\n\t\t\t\t\t\t<div class=\"elementor-container elementor-column-gap-default\">\n\t\t\t\t\t<div class=\"elementor-column elementor-col-100 elementor-top-column elementor-element elementor-element-7a0fdee\" data-id=\"7a0fdee\" data-element_type=\"column\">\n\t\t\t<div class=\"elementor-widget-wrap\">\n\t\t\t\t\t\t\t<\/div>\n\t\t<\/div>\n\t\t\t\t\t<\/div>\n\t\t<\/section>\n\t\t\t\t<section class=\"elementor-section elementor-top-section elementor-element elementor-element-a7245d5 elementor-section-full_width elementor-section-height-default elementor-section-height-default\" data-id=\"a7245d5\" data-element_type=\"section\" data-settings=\"{&quot;background_background&quot;:&quot;classic&quot;}\">\n\t\t\t\t\t\t<div class=\"elementor-container elementor-column-gap-default\">\n\t\t\t\t\t<div class=\"elementor-column elementor-col-100 elementor-top-column elementor-element elementor-element-5d203df\" data-id=\"5d203df\" data-element_type=\"column\">\n\t\t\t<div class=\"elementor-widget-wrap\">\n\t\t\t\t\t\t\t<\/div>\n\t\t<\/div>\n\t\t\t\t\t<\/div>\n\t\t<\/section>\n\t\t\t\t<section class=\"elementor-section elementor-top-section elementor-element elementor-element-c7f5b24 elementor-section-boxed elementor-section-height-default elementor-section-height-default\" data-id=\"c7f5b24\" data-element_type=\"section\">\n\t\t\t\t\t\t<div class=\"elementor-container elementor-column-gap-default\">\n\t\t\t\t\t<div class=\"elementor-column elementor-col-100 elementor-top-column elementor-element elementor-element-1096d1c\" data-id=\"1096d1c\" data-element_type=\"column\">\n\t\t\t<div class=\"elementor-widget-wrap elementor-element-populated\">\n\t\t\t\t\t\t<div class=\"elementor-element elementor-element-28de92c elementor-widget elementor-widget-spacer\" data-id=\"28de92c\" data-element_type=\"widget\" data-widget_type=\"spacer.default\">\n\t\t\t\t<div class=\"elementor-widget-container\">\n\t\t\t\t\t<div class=\"elementor-spacer\">\n\t\t\t<div class=\"elementor-spacer-inner\"><\/div>\n\t\t<\/div>\n\t\t\t\t<\/div>\n\t\t\t\t<\/div>\n\t\t\t\t\t<\/div>\n\t\t<\/div>\n\t\t\t\t\t<\/div>\n\t\t<\/section>\n\t\t\t\t<section class=\"elementor-section elementor-top-section elementor-element elementor-element-e065dc8 elementor-section-boxed elementor-section-height-default elementor-section-height-default\" data-id=\"e065dc8\" data-element_type=\"section\">\n\t\t\t\t\t\t<div class=\"elementor-container elementor-column-gap-default\">\n\t\t\t\t\t<div class=\"elementor-column elementor-col-100 elementor-top-column elementor-element elementor-element-a731495\" data-id=\"a731495\" data-element_type=\"column\">\n\t\t\t<div class=\"elementor-widget-wrap elementor-element-populated\">\n\t\t\t\t\t\t<div class=\"elementor-element elementor-element-5eff602 elementor-widget elementor-widget-spacer\" data-id=\"5eff602\" data-element_type=\"widget\" data-widget_type=\"spacer.default\">\n\t\t\t\t<div class=\"elementor-widget-container\">\n\t\t\t\t\t<div class=\"elementor-spacer\">\n\t\t\t<div class=\"elementor-spacer-inner\"><\/div>\n\t\t<\/div>\n\t\t\t\t<\/div>\n\t\t\t\t<\/div>\n\t\t\t\t<div class=\"elementor-element elementor-element-75f308c elementor-widget elementor-widget-text-editor\" data-id=\"75f308c\" data-element_type=\"widget\" data-widget_type=\"text-editor.default\">\n\t\t\t\t<div class=\"elementor-widget-container\">\n\t\t\t\t\t\t\t<p style=\"font-size: 16pt;\">The network aims to promote information exchange and facilitate recognition and mobility in the region. It currently includes recognition authorities from 17 countries in Latin America and the Caribbean and the Caribbean. <\/p>\n<p style=\"font-size: 16pt;\"><a href=\"https:\/\/cinalc.org\/en\/acerca\/\">More about the network<\/a><\/p>\t\t\t\t\t\t<\/div>\n\t\t\t\t<\/div>\n\t\t\t\t<div class=\"elementor-element elementor-element-03ce483 elementor-widget elementor-widget-spacer\" data-id=\"03ce483\" data-element_type=\"widget\" data-widget_type=\"spacer.default\">\n\t\t\t\t<div class=\"elementor-widget-container\">\n\t\t\t\t\t<div class=\"elementor-spacer\">\n\t\t\t<div class=\"elementor-spacer-inner\"><\/div>\n\t\t<\/div>\n\t\t\t\t<\/div>\n\t\t\t\t<\/div>\n\t\t\t\t\t<\/div>\n\t\t<\/div>\n\t\t\t\t\t<\/div>\n\t\t<\/section>\n\t\t\t\t<section class=\"elementor-section elementor-top-section elementor-element elementor-element-c3309ce elementor-section-boxed elementor-section-height-default elementor-section-height-default\" data-id=\"c3309ce\" data-element_type=\"section\">\n\t\t\t\t\t\t<div class=\"elementor-container elementor-column-gap-default\">\n\t\t\t\t\t<div class=\"elementor-column elementor-col-100 elementor-top-column elementor-element elementor-element-992c24f\" data-id=\"992c24f\" data-element_type=\"column\">\n\t\t\t<div class=\"elementor-widget-wrap elementor-element-populated\">\n\t\t\t\t\t\t<div class=\"elementor-element elementor-element-c8e16b7 elementor-widget elementor-widget-html\" data-id=\"c8e16b7\" data-element_type=\"widget\" data-widget_type=\"html.default\">\n\t\t\t\t<div class=\"elementor-widget-container\">\n\t\t\t\n<h1 class=\"translatable\" style=\"text-align:center\">[[es]]\u00c1reas de trabajo[[\/es]][[en]]Areas of work[[\/en]]<\/h1>\n<div class=\"container translatable\">\n    <div class=\"row\">\n      <div class=\"col-lg-4 col-xl-4 mt-2\">\n        <div class=\"card card-height-fixed card-overlay\" style=\"background-image: url('http:\/\/cinalc.org\/wp-content\/uploads\/2024\/12\/coordinacion.webp'); border-radius: 10px;\">\n          <div class=\"card-body\">\n            <h1 class=\"card-title\"><span style=\"font-size: 18pt;\">[[es]]Coordinaci\u00f3n de la red[[\/es]][[en]]Network coordination[[\/en]]<\/span><\/h1>\n            <p class=\"card-text\">[[es]]Formaci\u00f3n de la red y promover el intercambio de informaci\u00f3n y documentaci\u00f3n.[[\/es]][[en]]Formation of the network and promote the exchange of information and documentation.[[\/en]]\n            <br\/>\n           \n            <a  href=\".\/comunidad-de-la-red\/\"class=\"btn m-2 btn-primary-custom\">\n              <span style=\"margin-right: 5px;\">[[es]]Ver m\u00e1s[[\/es]][[en]]More[[\/en]] \u2192<\/span>\n              \n            <\/a>\n          <\/div>\n        <\/div>\n      <\/div>\n      <div class=\"col-lg-4 col-xl-4 mt-2\">\n        <div class=\"card card-height-fixed card-overlay\" style=\"background-image: url('http:\/\/cinalc.org\/wp-content\/uploads\/2024\/12\/capacitacion.png'); border-radius: 10px;\">\n          <div class=\"card-body\">\n            <h1 class=\"card-title\"><span style=\"font-size: 18pt;\">[[es]]Capacitaci\u00f3n[[\/es]][[en]]Training[[\/en]]<\/span><\/h1>\n            <p class=\"card-text\">[[es]]Contribuir al intercambio de buenas pr\u00e1cticas y al desarrollo de los procesos de reconocimientos en la regi\u00f3n.[[\/es]][[en]]Contribute to the exchange of good practices and the development of recognition processes in the region.[[\/en]]\n            <br\/>\n            <a  href=\".\/capacitacion\/\" class=\"btn m-2 btn-primary-custom\">\n              <span style=\"margin-right: 5px;\">[[es]]Ver m\u00e1s[[\/es]][[en]]More[[\/en]] \u2192<\/span>\n              \n            <\/a>\n          <\/div>\n        <\/div>\n      <\/div>\n      <div class=\"col-lg-4 col-xl-4 mt-2\">\n        <div class=\"card card-height-fixed card-overlay\" style=\"background-image: url('http:\/\/cinalc.org\/wp-content\/uploads\/2024\/12\/publicpolicies.webp'); border-radius: 10px;\">\n          <div class=\"card-body\">\n            <h1 class=\"card-title\"><span style=\"font-size: 18pt;\">[[es]]Pol\u00edticas p\u00fablicas[[\/es]][[en]]Public policies[[\/en]]<\/span><\/h1>\n            <p class=\"card-text\">[[es]]Contribuir al desarrollo de pol\u00edticas  p\u00fablicas en materia de internacionalizaci\u00f3n, movilidad y de reconocimiento.[[\/es]][[en]]Contribute to the development of public policies regarding internationalization, mobility and recognition.[[\/en]]\n            <br\/>\n               \n            <a  href=\".\/politicas-publicas-2\" class=\"btn m-2 btn-primary-custom\">\n              <span style=\"margin-right: 5px;\">[[es]]Ver m\u00e1s[[\/es]][[en]]More[[\/en]] \u2192<\/span>\n              \n            <\/a>\n          <\/div>\n        <\/div>\n      <\/div>\n    <\/div>\n  <\/div>\t\t<\/div>\n\t\t\t\t<\/div>\n\t\t\t\t\t<\/div>\n\t\t<\/div>\n\t\t\t\t\t<\/div>\n\t\t<\/section>\n\t\t\t\t<section class=\"elementor-section elementor-top-section elementor-element elementor-element-95dd8d5 elementor-section-boxed elementor-section-height-default elementor-section-height-default\" data-id=\"95dd8d5\" data-element_type=\"section\">\n\t\t\t\t\t\t<div class=\"elementor-container elementor-column-gap-default\">\n\t\t\t\t\t<div class=\"elementor-column elementor-col-100 elementor-top-column elementor-element elementor-element-74325cc\" data-id=\"74325cc\" data-element_type=\"column\">\n\t\t\t<div class=\"elementor-widget-wrap\">\n\t\t\t\t\t\t\t<\/div>\n\t\t<\/div>\n\t\t\t\t\t<\/div>\n\t\t<\/section>\n\t\t\t\t<section class=\"elementor-section elementor-top-section elementor-element elementor-element-58c13b7 elementor-section-boxed elementor-section-height-default elementor-section-height-default\" data-id=\"58c13b7\" data-element_type=\"section\">\n\t\t\t\t\t\t<div class=\"elementor-container elementor-column-gap-default\">\n\t\t\t\t\t<div class=\"elementor-column elementor-col-100 elementor-top-column elementor-element elementor-element-d943c52\" data-id=\"d943c52\" data-element_type=\"column\">\n\t\t\t<div class=\"elementor-widget-wrap\">\n\t\t\t\t\t\t\t<\/div>\n\t\t<\/div>\n\t\t\t\t\t<\/div>\n\t\t<\/section>\n\t\t\t\t<\/div>\n\t\t","protected":false},"excerpt":{"rendered":"<p>Su objetivo es promover el intercambio de informaci\u00f3n y facilitar el reconocimiento acad\u00e9mico y la movilidad en la regi\u00f3n. Actualmente, la red re\u00fane a las autoridades de reconocimiento de 17 pa\u00edses de Am\u00e9rica Latina y el Caribe. M\u00e1s informaci\u00f3n sobre la red [[es]]\u00c1reas de trabajo[[\/es]][[en]]Areas of work[[\/en]] [[es]]Coordinaci\u00f3n de la red[[\/es]][[en]]Network coordination[[\/en]] [[es]]Formaci\u00f3n de la &hellip;<\/p>\n<p class=\"read-more\"> <a class=\"\" href=\"https:\/\/cinalc.org\/\"> <span class=\"screen-reader-text\">Inicio<\/span> Read More &raquo;<\/a><\/p>\n","protected":false},"author":1,"featured_media":0,"parent":0,"menu_order":0,"comment_status":"closed","ping_status":"closed","template":"","meta":{"_bbp_topic_count":0,"_bbp_reply_count":0,"_bbp_total_topic_count":0,"_bbp_total_reply_count":0,"_bbp_voice_count":0,"_bbp_anonymous_reply_count":0,"_bbp_topic_count_hidden":0,"_bbp_reply_count_hidden":0,"_bbp_forum_subforum_count":0,"site-sidebar-layout":"default","site-content-layout":"default","ast-global-header-display":"","ast-banner-title-visibility":"","ast-main-header-display":"","ast-hfb-above-header-display":"","ast-hfb-below-header-display":"","ast-hfb-mobile-header-display":"","site-post-title":"disabled","ast-breadcrumbs-content":"","ast-featured-img":"","footer-sml-layout":"","theme-transparent-header-meta":"","adv-header-id-meta":"","stick-header-meta":"","header-above-stick-meta":"","header-main-stick-meta":"","header-below-stick-meta":"","footnotes":""},"class_list":["post-15","page","type-page","status-publish","hentry"],"_links":{"self":[{"href":"https:\/\/cinalc.org\/wp-json\/wp\/v2\/pages\/15","targetHints":{"allow":["GET"]}}],"collection":[{"href":"https:\/\/cinalc.org\/wp-json\/wp\/v2\/pages"}],"about":[{"href":"https:\/\/cinalc.org\/wp-json\/wp\/v2\/types\/page"}],"author":[{"embeddable":true,"href":"https:\/\/cinalc.org\/wp-json\/wp\/v2\/users\/1"}],"replies":[{"embeddable":true,"href":"https:\/\/cinalc.org\/wp-json\/wp\/v2\/comments?post=15"}],"version-history":[{"count":454,"href":"https:\/\/cinalc.org\/wp-json\/wp\/v2\/pages\/15\/revisions"}],"predecessor-version":[{"id":27026,"href":"https:\/\/cinalc.org\/wp-json\/wp\/v2\/pages\/15\/revisions\/27026"}],"wp:attachment":[{"href":"https:\/\/cinalc.org\/wp-json\/wp\/v2\/media?parent=15"}],"curies":[{"name":"wp","href":"https:\/\/api.w.org\/{rel}","templated":true}]}}