{"id":26355,"date":"2023-09-21T00:50:11","date_gmt":"2023-09-21T00:50:11","guid":{"rendered":"https:\/\/convenio.campusiesalc.com\/?page_id=26355"},"modified":"2024-12-05T17:42:34","modified_gmt":"2024-12-05T17:42:34","slug":"communid","status":"publish","type":"page","link":"https:\/\/cinalc.org\/communid\/","title":{"rendered":"Comunidades"},"content":{"rendered":"\t\t<div data-elementor-type=\"wp-post\" data-elementor-id=\"26355\" class=\"elementor elementor-26355\">\n\t\t\t\t\t\t<section class=\"elementor-section elementor-top-section elementor-element elementor-element-958aedc elementor-section-boxed elementor-section-height-default elementor-section-height-default\" data-id=\"958aedc\" data-element_type=\"section\">\n\t\t\t\t\t\t<div class=\"elementor-container elementor-column-gap-default\">\n\t\t\t\t\t<div class=\"elementor-column elementor-col-100 elementor-top-column elementor-element elementor-element-9d7a765\" data-id=\"9d7a765\" data-element_type=\"column\">\n\t\t\t<div class=\"elementor-widget-wrap\">\n\t\t\t\t\t\t\t<\/div>\n\t\t<\/div>\n\t\t\t\t\t<\/div>\n\t\t<\/section>\n\t\t\t\t<section class=\"elementor-section elementor-top-section elementor-element elementor-element-be5bc7a elementor-section-boxed elementor-section-height-default elementor-section-height-default\" data-id=\"be5bc7a\" data-element_type=\"section\">\n\t\t\t\t\t\t<div class=\"elementor-container elementor-column-gap-default\">\n\t\t\t\t\t<div class=\"elementor-column elementor-col-100 elementor-top-column elementor-element elementor-element-82158b1\" data-id=\"82158b1\" data-element_type=\"column\">\n\t\t\t<div class=\"elementor-widget-wrap\">\n\t\t\t\t\t\t\t<\/div>\n\t\t<\/div>\n\t\t\t\t\t<\/div>\n\t\t<\/section>\n\t\t\t\t<section class=\"elementor-section elementor-top-section elementor-element elementor-element-477b9fb elementor-section-boxed elementor-section-height-default elementor-section-height-default\" data-id=\"477b9fb\" data-element_type=\"section\">\n\t\t\t\t\t\t<div class=\"elementor-container elementor-column-gap-default\">\n\t\t\t\t\t<div class=\"elementor-column elementor-col-100 elementor-top-column elementor-element elementor-element-4c08a29\" data-id=\"4c08a29\" data-element_type=\"column\">\n\t\t\t<div class=\"elementor-widget-wrap elementor-element-populated\">\n\t\t\t\t\t\t<div class=\"elementor-element elementor-element-c813784 elementor-widget elementor-widget-spacer\" data-id=\"c813784\" data-element_type=\"widget\" data-widget_type=\"spacer.default\">\n\t\t\t\t<div class=\"elementor-widget-container\">\n\t\t\t\t\t<div class=\"elementor-spacer\">\n\t\t\t<div class=\"elementor-spacer-inner\"><\/div>\n\t\t<\/div>\n\t\t\t\t<\/div>\n\t\t\t\t<\/div>\n\t\t\t\t\t<\/div>\n\t\t<\/div>\n\t\t\t\t\t<\/div>\n\t\t<\/section>\n\t\t\t\t<section class=\"elementor-section elementor-top-section elementor-element elementor-element-144f9c8 elementor-section-boxed elementor-section-height-default elementor-section-height-default\" data-id=\"144f9c8\" data-element_type=\"section\">\n\t\t\t\t\t\t<div class=\"elementor-container elementor-column-gap-default\">\n\t\t\t\t\t<div class=\"elementor-column elementor-col-100 elementor-top-column elementor-element elementor-element-27a565c\" data-id=\"27a565c\" data-element_type=\"column\">\n\t\t\t<div class=\"elementor-widget-wrap elementor-element-populated\">\n\t\t\t\t\t\t<div class=\"elementor-element elementor-element-3a13387 elementor-widget elementor-widget-spacer\" data-id=\"3a13387\" data-element_type=\"widget\" data-widget_type=\"spacer.default\">\n\t\t\t\t<div class=\"elementor-widget-container\">\n\t\t\t\t\t<div class=\"elementor-spacer\">\n\t\t\t<div class=\"elementor-spacer-inner\"><\/div>\n\t\t<\/div>\n\t\t\t\t<\/div>\n\t\t\t\t<\/div>\n\t\t\t\t\t<\/div>\n\t\t<\/div>\n\t\t\t\t\t<\/div>\n\t\t<\/section>\n\t\t\t\t<section class=\"elementor-section elementor-top-section elementor-element elementor-element-69f1dcc elementor-section-boxed elementor-section-height-default elementor-section-height-default\" data-id=\"69f1dcc\" data-element_type=\"section\">\n\t\t\t\t\t\t<div class=\"elementor-container elementor-column-gap-default\">\n\t\t\t\t\t<div class=\"elementor-column elementor-col-100 elementor-top-column elementor-element elementor-element-86a7cf8\" data-id=\"86a7cf8\" data-element_type=\"column\">\n\t\t\t<div class=\"elementor-widget-wrap elementor-element-populated\">\n\t\t\t\t\t\t<div class=\"elementor-element elementor-element-49ba2b7 elementor-widget elementor-widget-text-editor\" data-id=\"49ba2b7\" data-element_type=\"widget\" data-widget_type=\"text-editor.default\">\n\t\t\t\t<div class=\"elementor-widget-container\">\n\t\t\t\t\t\t\t<h2>Communities<\/h2><p>The Communities section is a fundamental component of our platform designed to foster collaboration and interaction between officials from member countries. In this space, registered users have the opportunity to join various work communities, each dedicated to a specific topic of interest. These communities are created using the BuddyPress platform and are designed to promote communication and knowledge sharing among their members.<\/p><p>Our platform offers a variety of functionalities in these communities, with the aim of facilitating user participation and engagement. Notable features include a wall to keep up to date with news, a forum with the option to subscribe to threads, the ability to receive notifications about important news, and a messaging system that allows effective communication between all users. community members. Additionally, we provide a shared document repository where users can upload and share relevant files, as well as a calendar showing upcoming group events, managed by the community manager.<\/p>\t\t\t\t\t\t<\/div>\n\t\t\t\t<\/div>\n\t\t\t\t\t<\/div>\n\t\t<\/div>\n\t\t\t\t\t<\/div>\n\t\t<\/section>\n\t\t\t\t<section class=\"elementor-section elementor-top-section elementor-element elementor-element-36f87ed elementor-section-boxed elementor-section-height-default elementor-section-height-default\" data-id=\"36f87ed\" data-element_type=\"section\">\n\t\t\t\t\t\t<div class=\"elementor-container elementor-column-gap-default\">\n\t\t\t\t\t<div class=\"elementor-column elementor-col-100 elementor-top-column elementor-element elementor-element-782d7cf\" data-id=\"782d7cf\" data-element_type=\"column\">\n\t\t\t<div class=\"elementor-widget-wrap elementor-element-populated\">\n\t\t\t\t\t\t<div class=\"elementor-element elementor-element-c564d13 elementor-widget elementor-widget-html\" data-id=\"c564d13\" data-element_type=\"widget\" data-widget_type=\"html.default\">\n\t\t\t\t<div class=\"elementor-widget-container\">\n\t\t\t\n<h1 class=\"translatable\" style=\"text-align:center\">[[es]]\u00c1reas[[\/es]][[en]]Areas[[\/en]]<\/h1>\n<div class=\"container translatable\">\n    <div class=\"row\">\n      <div class=\"col-lg-4 col-xl-4 mt-2\">\n        <div class=\"card card-height-fixed card-overlay\" style=\"background-image: url('http:\/\/cinalc.org\/wp-content\/uploads\/2024\/12\/coordinacion.webp'); border-radius: 10px;\">\n          <div class=\"card-body\">\n            <h1 class=\"card-title\"><span style=\"font-size: 18pt;\">[[es]]Coordinaci\u00f3n de la red[[\/es]][[en]]Network coordination[[\/en]]<\/span><\/h1>\n            <p class=\"card-text\">[[es]]Formaci\u00f3n de la red y promover el intercambio de informaci\u00f3n y documentaci\u00f3n.[[\/es]][[en]]Formation of the network and promote the exchange of information and documentation.[[\/en]]\n            <br\/>\n           \n            <a  href=\"..\/comunidad-de-la-red\/\"class=\"btn m-2 btn-primary-custom\">\n              <span style=\"margin-right: 5px;\">[[es]]Ver m\u00e1s[[\/es]][[en]]More[[\/en]] \u2192<\/span>\n              \n            <\/a>\n          <\/div>\n        <\/div>\n      <\/div>\n      <div class=\"col-lg-4 col-xl-4 mt-2\">\n        <div class=\"card card-height-fixed card-overlay\" style=\"background-image: url('http:\/\/cinalc.org\/wp-content\/uploads\/2024\/12\/capacitacion.png'); border-radius: 10px;\">\n          <div class=\"card-body\">\n            <h1 class=\"card-title\"><span style=\"font-size: 18pt;\">[[es]]Capacitaci\u00f3n[[\/es]][[en]]Training[[\/en]]<\/span><\/h1>\n            <p class=\"card-text\">[[es]]Contribuir al intercambio de buenas pr\u00e1cticas y al desarrollo de los procesos de reconocimientos en la regi\u00f3n.[[\/es]][[en]]Contribute to the exchange of good practices and the development of recognition processes in the region.[[\/en]]\n            <br\/>\n            <a  href=\"..\/capacitacion\/\" class=\"btn m-2 btn-primary-custom\">\n              <span style=\"margin-right: 5px;\">[[es]]Ver m\u00e1s[[\/es]][[en]]More[[\/en]] \u2192<\/span>\n              \n            <\/a>\n          <\/div>\n        <\/div>\n      <\/div>\n      <div class=\"col-lg-4 col-xl-4 mt-2\">\n        <div class=\"card card-height-fixed card-overlay\" style=\"background-image: url('http:\/\/cinalc.org\/wp-content\/uploads\/2024\/12\/publicpolicies.webp'); border-radius: 10px;\">\n          <div class=\"card-body\">\n            <h1 class=\"card-title\"><span style=\"font-size: 18pt;\">[[es]]Pol\u00edticas p\u00fablicas[[\/es]][[en]]Public policies[[\/en]]<\/span><\/h1>\n            <p class=\"card-text\">[[es]]Contribuir al desarrollo de pol\u00edticas  p\u00fablicas en materia de internacionalizaci\u00f3n, movilidad y de reconocimiento.[[\/es]][[en]]Contribute to the development of public policies regarding internationalization, mobility and recognition.[[\/en]]\n            <br\/>\n               \n            <a  href=\"..\/politicas-publicas-2\" class=\"btn m-2 btn-primary-custom\">\n              <span style=\"margin-right: 5px;\">[[es]]Ver m\u00e1s[[\/es]][[en]]More[[\/en]] \u2192<\/span>\n              \n            <\/a>\n          <\/div>\n        <\/div>\n      <\/div>\n    <\/div>\n  <\/div>\t\t<\/div>\n\t\t\t\t<\/div>\n\t\t\t\t\t<\/div>\n\t\t<\/div>\n\t\t\t\t\t<\/div>\n\t\t<\/section>\n\t\t\t\t<\/div>\n\t\t","protected":false},"excerpt":{"rendered":"<p>Comunidades La secci\u00f3n de Comunidades es un componente fundamental de nuestra plataforma dise\u00f1ada para fomentar la colaboraci\u00f3n y la interacci\u00f3n entre funcionarios de los pa\u00edses miembros. En este espacio, los usuarios registrados tienen la oportunidad de unirse a diversas comunidades de trabajo, cada una dedicada a un tema espec\u00edfico de inter\u00e9s. Estas comunidades se crean &hellip;<\/p>\n<p class=\"read-more\"> <a class=\"\" href=\"https:\/\/cinalc.org\/communid\/\"> <span class=\"screen-reader-text\">Comunidades<\/span> Read More &raquo;<\/a><\/p>\n","protected":false},"author":1,"featured_media":0,"parent":0,"menu_order":0,"comment_status":"closed","ping_status":"closed","template":"","meta":{"_bbp_topic_count":0,"_bbp_reply_count":0,"_bbp_total_topic_count":0,"_bbp_total_reply_count":0,"_bbp_voice_count":0,"_bbp_anonymous_reply_count":0,"_bbp_topic_count_hidden":0,"_bbp_reply_count_hidden":0,"_bbp_forum_subforum_count":0,"site-sidebar-layout":"no-sidebar","site-content-layout":"page-builder","ast-global-header-display":"","ast-banner-title-visibility":"","ast-main-header-display":"","ast-hfb-above-header-display":"","ast-hfb-below-header-display":"","ast-hfb-mobile-header-display":"","site-post-title":"disabled","ast-breadcrumbs-content":"","ast-featured-img":"disabled","footer-sml-layout":"","theme-transparent-header-meta":"","adv-header-id-meta":"","stick-header-meta":"","header-above-stick-meta":"","header-main-stick-meta":"","header-below-stick-meta":"","footnotes":""},"class_list":["post-26355","page","type-page","status-publish","hentry"],"_links":{"self":[{"href":"https:\/\/cinalc.org\/wp-json\/wp\/v2\/pages\/26355","targetHints":{"allow":["GET"]}}],"collection":[{"href":"https:\/\/cinalc.org\/wp-json\/wp\/v2\/pages"}],"about":[{"href":"https:\/\/cinalc.org\/wp-json\/wp\/v2\/types\/page"}],"author":[{"embeddable":true,"href":"https:\/\/cinalc.org\/wp-json\/wp\/v2\/users\/1"}],"replies":[{"embeddable":true,"href":"https:\/\/cinalc.org\/wp-json\/wp\/v2\/comments?post=26355"}],"version-history":[{"count":33,"href":"https:\/\/cinalc.org\/wp-json\/wp\/v2\/pages\/26355\/revisions"}],"predecessor-version":[{"id":26759,"href":"https:\/\/cinalc.org\/wp-json\/wp\/v2\/pages\/26355\/revisions\/26759"}],"wp:attachment":[{"href":"https:\/\/cinalc.org\/wp-json\/wp\/v2\/media?parent=26355"}],"curies":[{"name":"wp","href":"https:\/\/api.w.org\/{rel}","templated":true}]}}