{"id":26455,"date":"2024-11-25T17:47:15","date_gmt":"2024-11-25T17:47:15","guid":{"rendered":"https:\/\/cinalc.org\/?page_id=26455"},"modified":"2025-12-01T16:26:09","modified_gmt":"2025-12-01T16:26:09","slug":"capacitacion","status":"publish","type":"page","link":"https:\/\/cinalc.org\/capacitacion\/","title":{"rendered":"Capacitaci\u00f3n"},"content":{"rendered":"\t\t<div data-elementor-type=\"wp-page\" data-elementor-id=\"26455\" class=\"elementor elementor-26455\">\n\t\t\t\t\t\t<section class=\"elementor-section elementor-top-section elementor-element elementor-element-e0b5e82 elementor-section-boxed elementor-section-height-default elementor-section-height-default\" data-id=\"e0b5e82\" data-element_type=\"section\">\n\t\t\t\t\t\t<div class=\"elementor-container elementor-column-gap-default\">\n\t\t\t\t\t<div class=\"elementor-column elementor-col-100 elementor-top-column elementor-element elementor-element-fc84184\" data-id=\"fc84184\" data-element_type=\"column\">\n\t\t\t<div class=\"elementor-widget-wrap elementor-element-populated\">\n\t\t\t\t\t\t<div class=\"elementor-element elementor-element-71d7e6d elementor-widget elementor-widget-spacer\" data-id=\"71d7e6d\" data-element_type=\"widget\" data-widget_type=\"spacer.default\">\n\t\t\t\t<div class=\"elementor-widget-container\">\n\t\t\t\t\t<div class=\"elementor-spacer\">\n\t\t\t<div class=\"elementor-spacer-inner\"><\/div>\n\t\t<\/div>\n\t\t\t\t<\/div>\n\t\t\t\t<\/div>\n\t\t\t\t\t<\/div>\n\t\t<\/div>\n\t\t\t\t\t<\/div>\n\t\t<\/section>\n\t\t\t\t<section class=\"elementor-section elementor-top-section elementor-element elementor-element-5e1c70c elementor-section-boxed elementor-section-height-default elementor-section-height-default\" data-id=\"5e1c70c\" data-element_type=\"section\">\n\t\t\t\t\t\t<div class=\"elementor-container elementor-column-gap-default\">\n\t\t\t\t\t<div class=\"elementor-column elementor-col-100 elementor-top-column elementor-element elementor-element-e6ca59e\" data-id=\"e6ca59e\" data-element_type=\"column\">\n\t\t\t<div class=\"elementor-widget-wrap elementor-element-populated\">\n\t\t\t\t\t\t<section class=\"elementor-section elementor-inner-section elementor-element elementor-element-63ab89b elementor-section-boxed elementor-section-height-default elementor-section-height-default\" data-id=\"63ab89b\" data-element_type=\"section\">\n\t\t\t\t\t\t\t<div class=\"elementor-background-overlay\"><\/div>\n\t\t\t\t\t\t\t<div class=\"elementor-container elementor-column-gap-default\">\n\t\t\t\t\t<div class=\"elementor-column elementor-col-50 elementor-inner-column elementor-element elementor-element-3487036\" data-id=\"3487036\" data-element_type=\"column\">\n\t\t\t<div class=\"elementor-widget-wrap elementor-element-populated\">\n\t\t\t\t\t\t<div class=\"elementor-element elementor-element-a5febfe elementor-widget elementor-widget-image\" data-id=\"a5febfe\" data-element_type=\"widget\" data-widget_type=\"image.default\">\n\t\t\t\t<div class=\"elementor-widget-container\">\n\t\t\t\t\t\t\t\t\t\t\t\t\t<img fetchpriority=\"high\" decoding=\"async\" width=\"610\" height=\"407\" src=\"https:\/\/cinalc.org\/wp-content\/uploads\/2024\/12\/publicpolicies.webp\" class=\"attachment-large size-large wp-image-26513\" alt=\"\" srcset=\"https:\/\/cinalc.org\/wp-content\/uploads\/2024\/12\/publicpolicies.webp 610w, https:\/\/cinalc.org\/wp-content\/uploads\/2024\/12\/publicpolicies-300x200.webp 300w\" sizes=\"(max-width: 610px) 100vw, 610px\" \/>\t\t\t\t\t\t\t\t\t\t\t\t\t<\/div>\n\t\t\t\t<\/div>\n\t\t\t\t\t<\/div>\n\t\t<\/div>\n\t\t\t\t<div class=\"elementor-column elementor-col-50 elementor-inner-column elementor-element elementor-element-80ade82\" data-id=\"80ade82\" data-element_type=\"column\">\n\t\t\t<div class=\"elementor-widget-wrap elementor-element-populated\">\n\t\t\t\t\t\t<div class=\"elementor-element elementor-element-bdc3a93 elementor-widget elementor-widget-text-editor\" data-id=\"bdc3a93\" data-element_type=\"widget\" data-widget_type=\"text-editor.default\">\n\t\t\t\t<div class=\"elementor-widget-container\">\n\t\t\t\t\t\t\t<h2>Training<\/h2>\n<p style=\"font-size: 20px;\">Contribute to the exchange of good practices and the development of recognition processes in the region.<\/p>\t\t\t\t\t\t<\/div>\n\t\t\t\t<\/div>\n\t\t\t\t\t<\/div>\n\t\t<\/div>\n\t\t\t\t\t<\/div>\n\t\t<\/section>\n\t\t\t\t\t<\/div>\n\t\t<\/div>\n\t\t\t\t\t<\/div>\n\t\t<\/section>\n\t\t\t\t<section class=\"elementor-section elementor-top-section elementor-element elementor-element-2092ef1 elementor-section-boxed elementor-section-height-default elementor-section-height-default\" data-id=\"2092ef1\" data-element_type=\"section\">\n\t\t\t\t\t\t<div class=\"elementor-container elementor-column-gap-default\">\n\t\t\t\t\t<div class=\"elementor-column elementor-col-100 elementor-top-column elementor-element elementor-element-2c7cca3\" data-id=\"2c7cca3\" data-element_type=\"column\">\n\t\t\t<div class=\"elementor-widget-wrap elementor-element-populated\">\n\t\t\t\t\t\t<div class=\"elementor-element elementor-element-3e43406 elementor-widget elementor-widget-text-editor\" data-id=\"3e43406\" data-element_type=\"widget\" data-widget_type=\"text-editor.default\">\n\t\t\t\t<div class=\"elementor-widget-container\">\n\t\t\t\t\t\t\t<h2>Work plan<\/h2><table style=\"border-collapse: collapse; width: 100%;\"><thead><tr><th style=\"width: 25%; background-color: #dcdcdc;\">Activity<\/th><th style=\"width: 25%; background-color: #dcdcdc;\">Period<\/th><th style=\"width: 25%; background-color: #dcdcdc;\">Lead<\/th><\/tr><\/thead><tbody><tr><td style=\"width: 25%;\">Recognition Manual for Latin America and the Caribbean<\/td><td style=\"width: 25%;\">2025-2026<\/td><td style=\"width: 25%;\">Jamaica, Santa Sede<\/td><\/tr><tr><td style=\"width: 25%;\">Capacity development on recognition systems<\/td><td style=\"width: 25%;\">2025-2026<\/td><td style=\"width: 25%;\">\u00a0<\/td><\/tr><tr><td style=\"width: 25%;\">Digital community (information compilation on systems)<\/td><td style=\"width: 25%;\">2025-2026<\/td><td style=\"width: 25%;\">Uruguay<\/td><\/tr><\/tbody><\/table>\t\t\t\t\t\t<\/div>\n\t\t\t\t<\/div>\n\t\t\t\t\t<\/div>\n\t\t<\/div>\n\t\t\t\t\t<\/div>\n\t\t<\/section>\n\t\t\t\t<\/div>\n\t\t","protected":false},"excerpt":{"rendered":"<p>Capacitaci\u00f3n Contribuir al intercambio de buenas pr\u00e1cticas y al desarrollo de los procesos de reconocimientos en la regi\u00f3n. Plan de trabajo Actividad Periodo L\u00edder Manual de Reconocimiento para Am\u00e9rica Latina y el Caribe 2025-2026 Jamaica, Santa Sede Capacitaci\u00f3n sobre sistemas de reconocimiento 2025-2026 \u00a0 Comunidad digital: recopilaci\u00f3n de informaci\u00f3n sobre sistemas 2025-2026 Uruguay<\/p>\n","protected":false},"author":8,"featured_media":0,"parent":0,"menu_order":0,"comment_status":"closed","ping_status":"closed","template":"","meta":{"_bbp_topic_count":0,"_bbp_reply_count":0,"_bbp_total_topic_count":0,"_bbp_total_reply_count":0,"_bbp_voice_count":0,"_bbp_anonymous_reply_count":0,"_bbp_topic_count_hidden":0,"_bbp_reply_count_hidden":0,"_bbp_forum_subforum_count":0,"site-sidebar-layout":"no-sidebar","site-content-layout":"page-builder","ast-global-header-display":"","ast-banner-title-visibility":"","ast-main-header-display":"","ast-hfb-above-header-display":"","ast-hfb-below-header-display":"","ast-hfb-mobile-header-display":"","site-post-title":"disabled","ast-breadcrumbs-content":"","ast-featured-img":"disabled","footer-sml-layout":"","theme-transparent-header-meta":"","adv-header-id-meta":"","stick-header-meta":"","header-above-stick-meta":"","header-main-stick-meta":"","header-below-stick-meta":"","footnotes":""},"class_list":["post-26455","page","type-page","status-publish","hentry"],"_links":{"self":[{"href":"https:\/\/cinalc.org\/wp-json\/wp\/v2\/pages\/26455","targetHints":{"allow":["GET"]}}],"collection":[{"href":"https:\/\/cinalc.org\/wp-json\/wp\/v2\/pages"}],"about":[{"href":"https:\/\/cinalc.org\/wp-json\/wp\/v2\/types\/page"}],"author":[{"embeddable":true,"href":"https:\/\/cinalc.org\/wp-json\/wp\/v2\/users\/8"}],"replies":[{"embeddable":true,"href":"https:\/\/cinalc.org\/wp-json\/wp\/v2\/comments?post=26455"}],"version-history":[{"count":25,"href":"https:\/\/cinalc.org\/wp-json\/wp\/v2\/pages\/26455\/revisions"}],"predecessor-version":[{"id":27077,"href":"https:\/\/cinalc.org\/wp-json\/wp\/v2\/pages\/26455\/revisions\/27077"}],"wp:attachment":[{"href":"https:\/\/cinalc.org\/wp-json\/wp\/v2\/media?parent=26455"}],"curies":[{"name":"wp","href":"https:\/\/api.w.org\/{rel}","templated":true}]}}