{"id":26458,"date":"2024-11-25T17:47:50","date_gmt":"2024-11-25T17:47:50","guid":{"rendered":"https:\/\/cinalc.org\/?page_id=26458"},"modified":"2025-12-02T15:05:24","modified_gmt":"2025-12-02T15:05:24","slug":"politicas-publicas-2","status":"publish","type":"page","link":"https:\/\/cinalc.org\/politicas-publicas-2\/","title":{"rendered":"Pol\u00edticas p\u00fablicas"},"content":{"rendered":"\t\t<div data-elementor-type=\"wp-page\" data-elementor-id=\"26458\" class=\"elementor elementor-26458\">\n\t\t\t\t\t\t<section class=\"elementor-section elementor-top-section elementor-element elementor-element-3b5bf4b2 elementor-section-boxed elementor-section-height-default elementor-section-height-default\" data-id=\"3b5bf4b2\" data-element_type=\"section\">\n\t\t\t\t\t\t<div class=\"elementor-container elementor-column-gap-default\">\n\t\t\t\t\t<div class=\"elementor-column elementor-col-100 elementor-top-column elementor-element elementor-element-78bd3326\" data-id=\"78bd3326\" data-element_type=\"column\">\n\t\t\t<div class=\"elementor-widget-wrap elementor-element-populated\">\n\t\t\t\t\t\t<div class=\"elementor-element elementor-element-623a48c4 elementor-widget elementor-widget-text-editor\" data-id=\"623a48c4\" data-element_type=\"widget\" data-widget_type=\"text-editor.default\">\n\t\t\t\t<div class=\"elementor-widget-container\">\n\t\t\t\t\t\t\t<!-- wp:paragraph -->\n<p>Hola1<\/p>\n<!-- \/wp:paragraph -->\t\t\t\t\t\t<\/div>\n\t\t\t\t<\/div>\n\t\t\t\t\t<\/div>\n\t\t<\/div>\n\t\t\t\t\t<\/div>\n\t\t<\/section>\n\t\t\t\t<section class=\"elementor-section elementor-top-section elementor-element elementor-element-4aebea5 elementor-section-boxed elementor-section-height-default elementor-section-height-default\" data-id=\"4aebea5\" data-element_type=\"section\">\n\t\t\t\t\t\t<div class=\"elementor-container elementor-column-gap-default\">\n\t\t\t\t\t<div class=\"elementor-column elementor-col-100 elementor-top-column elementor-element elementor-element-7c98950\" data-id=\"7c98950\" data-element_type=\"column\">\n\t\t\t<div class=\"elementor-widget-wrap elementor-element-populated\">\n\t\t\t\t\t\t<div class=\"elementor-element elementor-element-62b3ddb elementor-widget elementor-widget-spacer\" data-id=\"62b3ddb\" data-element_type=\"widget\" data-widget_type=\"spacer.default\">\n\t\t\t\t<div class=\"elementor-widget-container\">\n\t\t\t\t\t<div class=\"elementor-spacer\">\n\t\t\t<div class=\"elementor-spacer-inner\"><\/div>\n\t\t<\/div>\n\t\t\t\t<\/div>\n\t\t\t\t<\/div>\n\t\t\t\t\t<\/div>\n\t\t<\/div>\n\t\t\t\t\t<\/div>\n\t\t<\/section>\n\t\t\t\t<section class=\"elementor-section elementor-top-section elementor-element elementor-element-668f51a elementor-section-boxed elementor-section-height-default elementor-section-height-default\" data-id=\"668f51a\" data-element_type=\"section\">\n\t\t\t\t\t\t<div class=\"elementor-container elementor-column-gap-default\">\n\t\t\t\t\t<div class=\"elementor-column elementor-col-100 elementor-top-column elementor-element elementor-element-1650a1a\" data-id=\"1650a1a\" data-element_type=\"column\">\n\t\t\t<div class=\"elementor-widget-wrap elementor-element-populated\">\n\t\t\t\t\t\t<section class=\"elementor-section elementor-inner-section elementor-element elementor-element-85d02f3 elementor-section-boxed elementor-section-height-default elementor-section-height-default\" data-id=\"85d02f3\" data-element_type=\"section\">\n\t\t\t\t\t\t\t<div class=\"elementor-background-overlay\"><\/div>\n\t\t\t\t\t\t\t<div class=\"elementor-container elementor-column-gap-default\">\n\t\t\t\t\t<div class=\"elementor-column elementor-col-50 elementor-inner-column elementor-element elementor-element-9a8dde2\" data-id=\"9a8dde2\" data-element_type=\"column\">\n\t\t\t<div class=\"elementor-widget-wrap elementor-element-populated\">\n\t\t\t\t\t\t<div class=\"elementor-element elementor-element-e955f24 elementor-widget elementor-widget-image\" data-id=\"e955f24\" data-element_type=\"widget\" data-widget_type=\"image.default\">\n\t\t\t\t<div class=\"elementor-widget-container\">\n\t\t\t\t\t\t\t\t\t\t\t\t\t<img fetchpriority=\"high\" decoding=\"async\" width=\"610\" height=\"407\" src=\"https:\/\/cinalc.org\/wp-content\/uploads\/2024\/12\/publicpolicies.webp\" class=\"attachment-large size-large wp-image-26513\" alt=\"\" srcset=\"https:\/\/cinalc.org\/wp-content\/uploads\/2024\/12\/publicpolicies.webp 610w, https:\/\/cinalc.org\/wp-content\/uploads\/2024\/12\/publicpolicies-300x200.webp 300w\" sizes=\"(max-width: 610px) 100vw, 610px\" \/>\t\t\t\t\t\t\t\t\t\t\t\t\t<\/div>\n\t\t\t\t<\/div>\n\t\t\t\t\t<\/div>\n\t\t<\/div>\n\t\t\t\t<div class=\"elementor-column elementor-col-50 elementor-inner-column elementor-element elementor-element-de6c29f\" data-id=\"de6c29f\" data-element_type=\"column\">\n\t\t\t<div class=\"elementor-widget-wrap elementor-element-populated\">\n\t\t\t\t\t\t<div class=\"elementor-element elementor-element-af73a21 elementor-widget elementor-widget-text-editor\" data-id=\"af73a21\" data-element_type=\"widget\" data-widget_type=\"text-editor.default\">\n\t\t\t\t<div class=\"elementor-widget-container\">\n\t\t\t\t\t\t\t<h2>Public policies<\/h2>\n<p style=\"font-size: 20px;\">Contribute to the development of public policies regarding internationalization, mobility and recognition.<\/p>\t\t\t\t\t\t<\/div>\n\t\t\t\t<\/div>\n\t\t\t\t\t<\/div>\n\t\t<\/div>\n\t\t\t\t\t<\/div>\n\t\t<\/section>\n\t\t\t\t\t<\/div>\n\t\t<\/div>\n\t\t\t\t\t<\/div>\n\t\t<\/section>\n\t\t\t\t<section class=\"elementor-section elementor-top-section elementor-element elementor-element-4104713 elementor-section-boxed elementor-section-height-default elementor-section-height-default\" data-id=\"4104713\" data-element_type=\"section\">\n\t\t\t\t\t\t<div class=\"elementor-container elementor-column-gap-default\">\n\t\t\t\t\t<div class=\"elementor-column elementor-col-100 elementor-top-column elementor-element elementor-element-1f3bdf9\" data-id=\"1f3bdf9\" data-element_type=\"column\">\n\t\t\t<div class=\"elementor-widget-wrap elementor-element-populated\">\n\t\t\t\t\t\t<div class=\"elementor-element elementor-element-5990864 elementor-widget elementor-widget-text-editor\" data-id=\"5990864\" data-element_type=\"widget\" data-widget_type=\"text-editor.default\">\n\t\t\t\t<div class=\"elementor-widget-container\">\n\t\t\t\t\t\t\t<h2>Work plan<\/h2>\n<p>\u00a0<\/p>\n<table style=\"border-collapse: collapse; width: 100%;\">\n<thead>\n<tr>\n<th style=\"width: 25%; background-color: #dcdcdc;\">Activity<\/th>\n<th style=\"width: 25%; background-color: #dcdcdc;\">Period<\/th>\n<th style=\"width: 25%; background-color: #dcdcdc;\">Lead<\/th>\n<\/tr>\n<\/thead>\n<tbody>\n<tr>\n<td style=\"width: 25%;\">Updated compilation and comparative study of recognition processes<\/td>\n<td style=\"width: 25%;\">2025-2026<\/td>\n<td style=\"width: 25%;\">Uruguay\u00a0<\/td>\n<\/tr>\n<tr>\n<td style=\"width: 25%;\">National qualifications frameworks (part of TAICEP\u2019s Global Directory project)<\/td>\n<td style=\"width: 25%;\">2025-2026<\/td>\n<td style=\"width: 25%;\">\u00a0TAICEP<\/td>\n<\/tr>\n<tr>\n<td style=\"width: 25%;\">Recognition of qualifications for refugees and displaced persons<\/td>\n<td style=\"width: 25%;\">2025-2026<\/td>\n<td style=\"width: 25%;\">IESALC (Comit\u00e9)<\/td>\n<\/tr>\n<tr>\n<td style=\"width: 25%;\">Academic credits in the region<\/td>\n<td style=\"width: 25%;\">2025-2026<\/td>\n<td style=\"width: 25%;\">IESALC (Comit\u00e9)<\/td>\n<\/tr>\n<tr>\n<td style=\"width: 25%;\">Micro-credentials approaches<\/td>\n<td style=\"width: 25%;\">2025-2026<\/td>\n<td style=\"width: 25%;\">IESALC (Comit\u00e9)<\/td>\n<\/tr>\n<\/tbody>\n<\/table>\n<p>\u00a0<\/p>\t\t\t\t\t\t<\/div>\n\t\t\t\t<\/div>\n\t\t\t\t\t<\/div>\n\t\t<\/div>\n\t\t\t\t\t<\/div>\n\t\t<\/section>\n\t\t\t\t<\/div>\n\t\t","protected":false},"excerpt":{"rendered":"<p>Hola1 Pol\u00edticas P\u00fablicas Contribuir al desarrollo de pol\u00edticas p\u00fablicas en materia de internacionalizaci\u00f3n, movilidad y de reconocimiento. Plan de trabajo \u00a0 Actividad Periodo L\u00edder Comparativa actualizada y estudio comparativo de los procesos de reconocimiento 2025-2026 Uruguay\u00a0 \u00a0Marcos Nacionales de cualificaciones(parte del proyecto del Directorio Global de TAICEP) 2025-2026 \u00a0TAICEP \u00a0Reconocimiento de cualificaciones para personas refugiadas &hellip;<\/p>\n<p class=\"read-more\"> <a class=\"\" href=\"https:\/\/cinalc.org\/politicas-publicas-2\/\"> <span class=\"screen-reader-text\">Pol\u00edticas p\u00fablicas<\/span> Read More &raquo;<\/a><\/p>\n","protected":false},"author":8,"featured_media":0,"parent":0,"menu_order":0,"comment_status":"closed","ping_status":"closed","template":"","meta":{"_bbp_topic_count":0,"_bbp_reply_count":0,"_bbp_total_topic_count":0,"_bbp_total_reply_count":0,"_bbp_voice_count":0,"_bbp_anonymous_reply_count":0,"_bbp_topic_count_hidden":0,"_bbp_reply_count_hidden":0,"_bbp_forum_subforum_count":0,"site-sidebar-layout":"default","site-content-layout":"default","ast-global-header-display":"","ast-banner-title-visibility":"","ast-main-header-display":"","ast-hfb-above-header-display":"","ast-hfb-below-header-display":"","ast-hfb-mobile-header-display":"","site-post-title":"","ast-breadcrumbs-content":"","ast-featured-img":"","footer-sml-layout":"","theme-transparent-header-meta":"","adv-header-id-meta":"","stick-header-meta":"","header-above-stick-meta":"","header-main-stick-meta":"","header-below-stick-meta":"","footnotes":""},"class_list":["post-26458","page","type-page","status-publish","hentry"],"_links":{"self":[{"href":"https:\/\/cinalc.org\/wp-json\/wp\/v2\/pages\/26458","targetHints":{"allow":["GET"]}}],"collection":[{"href":"https:\/\/cinalc.org\/wp-json\/wp\/v2\/pages"}],"about":[{"href":"https:\/\/cinalc.org\/wp-json\/wp\/v2\/types\/page"}],"author":[{"embeddable":true,"href":"https:\/\/cinalc.org\/wp-json\/wp\/v2\/users\/8"}],"replies":[{"embeddable":true,"href":"https:\/\/cinalc.org\/wp-json\/wp\/v2\/comments?post=26458"}],"version-history":[{"count":41,"href":"https:\/\/cinalc.org\/wp-json\/wp\/v2\/pages\/26458\/revisions"}],"predecessor-version":[{"id":27106,"href":"https:\/\/cinalc.org\/wp-json\/wp\/v2\/pages\/26458\/revisions\/27106"}],"wp:attachment":[{"href":"https:\/\/cinalc.org\/wp-json\/wp\/v2\/media?parent=26458"}],"curies":[{"name":"wp","href":"https:\/\/api.w.org\/{rel}","templated":true}]}}