{"id":27027,"date":"2025-11-28T15:17:14","date_gmt":"2025-11-28T15:17:14","guid":{"rendered":"https:\/\/cinalc.org\/?page_id=27027"},"modified":"2026-02-23T16:57:33","modified_gmt":"2026-02-23T16:57:33","slug":"recursos","status":"publish","type":"page","link":"https:\/\/cinalc.org\/recursos\/","title":{"rendered":"Resources"},"content":{"rendered":"\t\t<div data-elementor-type=\"wp-page\" data-elementor-id=\"27027\" class=\"elementor elementor-27027\">\n\t\t\t\t\t\t<section class=\"elementor-section elementor-top-section elementor-element elementor-element-d1ce1bc elementor-section-boxed elementor-section-height-default elementor-section-height-default\" data-id=\"d1ce1bc\" data-element_type=\"section\">\n\t\t\t\t\t\t<div class=\"elementor-container elementor-column-gap-default\">\n\t\t\t\t\t<div class=\"elementor-column elementor-col-100 elementor-top-column elementor-element elementor-element-ed2666b\" data-id=\"ed2666b\" data-element_type=\"column\">\n\t\t\t<div class=\"elementor-widget-wrap\">\n\t\t\t\t\t\t\t<\/div>\n\t\t<\/div>\n\t\t\t\t\t<\/div>\n\t\t<\/section>\n\t\t\t\t<section class=\"elementor-section elementor-top-section elementor-element elementor-element-f64f010 elementor-section-boxed elementor-section-height-default elementor-section-height-default\" data-id=\"f64f010\" data-element_type=\"section\">\n\t\t\t\t\t\t<div class=\"elementor-container elementor-column-gap-default\">\n\t\t\t\t\t<div class=\"elementor-column elementor-col-100 elementor-top-column elementor-element elementor-element-91057e7\" data-id=\"91057e7\" data-element_type=\"column\">\n\t\t\t<div class=\"elementor-widget-wrap elementor-element-populated\">\n\t\t\t\t\t\t<section class=\"elementor-section elementor-inner-section elementor-element elementor-element-771730b elementor-section-boxed elementor-section-height-default elementor-section-height-default\" data-id=\"771730b\" data-element_type=\"section\">\n\t\t\t\t\t\t<div class=\"elementor-container elementor-column-gap-default\">\n\t\t\t\t\t<div class=\"elementor-column elementor-col-50 elementor-inner-column elementor-element elementor-element-d839c42\" data-id=\"d839c42\" data-element_type=\"column\">\n\t\t\t<div class=\"elementor-widget-wrap\">\n\t\t\t\t\t\t\t<\/div>\n\t\t<\/div>\n\t\t\t\t<div class=\"elementor-column elementor-col-50 elementor-inner-column elementor-element elementor-element-8b7861e\" data-id=\"8b7861e\" data-element_type=\"column\">\n\t\t\t<div class=\"elementor-widget-wrap\">\n\t\t\t\t\t\t\t<\/div>\n\t\t<\/div>\n\t\t\t\t\t<\/div>\n\t\t<\/section>\n\t\t\t\t<div class=\"elementor-element elementor-element-caa00c1 elementor-widget elementor-widget-spacer\" data-id=\"caa00c1\" data-element_type=\"widget\" data-widget_type=\"spacer.default\">\n\t\t\t\t<div class=\"elementor-widget-container\">\n\t\t\t\t\t<div class=\"elementor-spacer\">\n\t\t\t<div class=\"elementor-spacer-inner\"><\/div>\n\t\t<\/div>\n\t\t\t\t<\/div>\n\t\t\t\t<\/div>\n\t\t\t\t<div class=\"elementor-element elementor-element-0545256 elementor-widget elementor-widget-heading\" data-id=\"0545256\" data-element_type=\"widget\" data-widget_type=\"heading.default\">\n\t\t\t\t<div class=\"elementor-widget-container\">\n\t\t\t<h2 class=\"elementor-heading-title elementor-size-default\">Resources<\/h2>\t\t<\/div>\n\t\t\t\t<\/div>\n\t\t\t\t<div class=\"elementor-element elementor-element-e373737 elementor-widget elementor-widget-text-editor\" data-id=\"e373737\" data-element_type=\"widget\" data-widget_type=\"text-editor.default\">\n\t\t\t\t<div class=\"elementor-widget-container\">\n\t\t\t\t\t\t\t<p><i class=\"fa-solid fa-file-arrow-down\"><\/i><span style=\"font-size: 14pt;\"> <a href=\"https:\/\/unesdoc.unesco.org\/ark:\/48223\/pf0000395680\">Global Convention on the Recognition of Qualifications concerning Higher Education: operational guidelinesn<\/a><\/span><\/p><p><i class=\"fa-solid fa-file-arrow-down\"><\/i><span style=\"font-size: 14pt;\"> <a href=\"https:\/\/unesdoc.unesco.org\/ark:\/48223\/pf0000388395\">Feasibility study for the implementation of a diploma supplement in Latin America and the Caribbean<\/a><\/span><\/p><p><span style=\"font-size: 14pt;\"><i class=\"fa-solid fa-file-arrow-down\"><\/i> <a href=\"https:\/\/unesdoc.unesco.org\/ark:\/48223\/pf0000395616\">The recognition of qualifications for refugees and displaced persons in Latin America and the Caribbean<\/a><\/span><\/p><p><span style=\"font-size: 14pt;\"><i class=\"fa-solid fa-file-arrow-down\"><\/i> <a href=\"https:\/\/unesdoc.unesco.org\/ark:\/48223\/pf0000388389\">Basic guidelines for the recognition of Venezuelan academic degrees and diplomas<\/a><\/span><\/p><p><span style=\"font-size: 14pt;\"><i class=\"fa-solid fa-file-arrow-down\"><\/i> <a href=\"https:\/\/unesdoc.unesco.org\/ark:\/48223\/pf0000374905\">A practical guide to recognition: implementing the Global Convention on the Recognition of Qualifications Concerning Higher Education<\/a><\/span><\/p><p><span style=\"font-size: 14pt;\"><i class=\"fa-solid fa-file-arrow-down\"><\/i> <a href=\"https:\/\/unesdoc.unesco.org\/ark:\/48223\/pf0000388552_eng\">Two decades of student mobility (2000-2020): global and regional dynamics in Latin America and the Caribbean<\/a><\/span><\/p><p><span style=\"font-size: 14pt;\"><i class=\"fa-solid fa-link\"><\/i> <a href=\"https:\/\/www.unesco.org\/en\/higher-education\/global-convention\">UNESCO Global Convention on the Recognition of Qualifications concerning Higher Education<\/a><\/span><\/p><p><span style=\"font-size: 14pt;\"><i class=\"fa-solid fa-link\"><\/i> <a href=\"https:\/\/www.unesco.org\/en\/higher-education\/conventions\">UNESCO Higher Education Regional Conventions<\/a><\/span><\/p>\t\t\t\t\t\t<\/div>\n\t\t\t\t<\/div>\n\t\t\t\t\t<\/div>\n\t\t<\/div>\n\t\t\t\t\t<\/div>\n\t\t<\/section>\n\t\t\t\t<\/div>\n\t\t","protected":false},"excerpt":{"rendered":"<p>Recursos Convenci\u00f3n Mundial sobre el Reconocimiento de las Cualificaciones relativas a la Educaci\u00f3n Superior: directrices operacionales Estudio de factibilidad para la implementaci\u00f3n del suplemento al t\u00edtulo en Am\u00e9rica Latina y el Caribe Reconocimiento de cualificaciones de personas refugiadas y desplazadas en Am\u00e9rica Latina y el Caribe Orientaciones b\u00e1sicas para el reconocimiento de t\u00edtulos y diplomas &hellip;<\/p>\n<p class=\"read-more\"> <a class=\"\" href=\"https:\/\/cinalc.org\/recursos\/\"> <span class=\"screen-reader-text\">Resources<\/span> Read More &raquo;<\/a><\/p>\n","protected":false},"author":8,"featured_media":0,"parent":0,"menu_order":0,"comment_status":"closed","ping_status":"closed","template":"","meta":{"_bbp_topic_count":0,"_bbp_reply_count":0,"_bbp_total_topic_count":0,"_bbp_total_reply_count":0,"_bbp_voice_count":0,"_bbp_anonymous_reply_count":0,"_bbp_topic_count_hidden":0,"_bbp_reply_count_hidden":0,"_bbp_forum_subforum_count":0,"site-sidebar-layout":"no-sidebar","site-content-layout":"page-builder","ast-global-header-display":"","ast-banner-title-visibility":"","ast-main-header-display":"","ast-hfb-above-header-display":"","ast-hfb-below-header-display":"","ast-hfb-mobile-header-display":"","site-post-title":"disabled","ast-breadcrumbs-content":"","ast-featured-img":"disabled","footer-sml-layout":"","theme-transparent-header-meta":"","adv-header-id-meta":"","stick-header-meta":"","header-above-stick-meta":"","header-main-stick-meta":"","header-below-stick-meta":"","footnotes":""},"class_list":["post-27027","page","type-page","status-publish","hentry"],"_links":{"self":[{"href":"https:\/\/cinalc.org\/wp-json\/wp\/v2\/pages\/27027","targetHints":{"allow":["GET"]}}],"collection":[{"href":"https:\/\/cinalc.org\/wp-json\/wp\/v2\/pages"}],"about":[{"href":"https:\/\/cinalc.org\/wp-json\/wp\/v2\/types\/page"}],"author":[{"embeddable":true,"href":"https:\/\/cinalc.org\/wp-json\/wp\/v2\/users\/8"}],"replies":[{"embeddable":true,"href":"https:\/\/cinalc.org\/wp-json\/wp\/v2\/comments?post=27027"}],"version-history":[{"count":31,"href":"https:\/\/cinalc.org\/wp-json\/wp\/v2\/pages\/27027\/revisions"}],"predecessor-version":[{"id":27149,"href":"https:\/\/cinalc.org\/wp-json\/wp\/v2\/pages\/27027\/revisions\/27149"}],"wp:attachment":[{"href":"https:\/\/cinalc.org\/wp-json\/wp\/v2\/media?parent=27027"}],"curies":[{"name":"wp","href":"https:\/\/api.w.org\/{rel}","templated":true}]}}